{"id":25,"date":"2025-10-28T17:05:33","date_gmt":"2025-10-28T17:05:33","guid":{"rendered":"https:\/\/nguma-nguma.co.ao\/?page_id=25"},"modified":"2026-01-12T18:35:48","modified_gmt":"2026-01-12T18:35:48","slug":"sobre-nos","status":"publish","type":"page","link":"https:\/\/nguma-nguma.co.ao\/en\/sobre-nos\/","title":{"rendered":"About us"},"content":{"rendered":"<div data-elementor-type=\"wp-page\" data-elementor-id=\"25\" class=\"elementor elementor-25\">\n\t\t\t\t\t\t<section class=\"elementor-section elementor-top-section elementor-element elementor-element-25ccf64a0 elementor-section-boxed elementor-section-height-default elementor-section-height-default wpr-particle-no wpr-jarallax-no wpr-sticky-section-no\" data-id=\"25ccf64a0\" data-element_type=\"section\" data-settings=\"{&quot;background_background&quot;:&quot;classic&quot;}\">\n\t\t\t\t\t\t\t<div class=\"elementor-background-overlay\"><\/div>\n\t\t\t\t\t\t\t<div class=\"elementor-container elementor-column-gap-default\">\n\t\t\t\t\t<div class=\"elementor-column elementor-col-100 elementor-top-column elementor-element elementor-element-4da45094\" data-id=\"4da45094\" data-element_type=\"column\">\n\t\t\t<div class=\"elementor-widget-wrap elementor-element-populated\">\n\t\t\t\t\t\t<div class=\"elementor-element elementor-element-17594e8d elementor-widget elementor-widget-heading\" data-id=\"17594e8d\" data-element_type=\"widget\" data-widget_type=\"heading.default\">\n\t\t\t\t\t<h2 class=\"elementor-heading-title elementor-size-default\">About us <\/h2>\t\t\t\t<\/div>\n\t\t\t\t\t<\/div>\n\t\t<\/div>\n\t\t\t\t\t<\/div>\n\t\t<\/section>\n\t\t\t\t<section class=\"elementor-section elementor-top-section elementor-element elementor-element-33207b1a elementor-section-boxed elementor-section-height-default elementor-section-height-default wpr-particle-no wpr-jarallax-no wpr-parallax-no wpr-sticky-section-no\" data-id=\"33207b1a\" data-element_type=\"section\">\n\t\t\t\t\t\t<div class=\"elementor-container elementor-column-gap-wide\">\n\t\t\t\t\t<div class=\"elementor-column elementor-col-50 elementor-top-column elementor-element elementor-element-66b7870e\" data-id=\"66b7870e\" data-element_type=\"column\">\n\t\t\t<div class=\"elementor-widget-wrap elementor-element-populated\">\n\t\t\t\t\t\t<div class=\"elementor-element elementor-element-625b6fd7 elementor-widget elementor-widget-image\" data-id=\"625b6fd7\" data-element_type=\"widget\" data-widget_type=\"image.default\">\n\t\t\t\t\t\t\t\t\t\t\t\t\t\t\t<img fetchpriority=\"high\" decoding=\"async\" width=\"800\" height=\"475\" src=\"https:\/\/nguma-nguma.co.ao\/wp-content\/uploads\/2025\/10\/WhatsApp-Image-2025-12-02-at-12.21.40-e1764958654713-1024x608.png\" class=\"attachment-large size-large wp-image-829\" alt=\"\" srcset=\"https:\/\/nguma-nguma.co.ao\/wp-content\/uploads\/2025\/10\/WhatsApp-Image-2025-12-02-at-12.21.40-e1764958654713-1024x608.png 1024w, https:\/\/nguma-nguma.co.ao\/wp-content\/uploads\/2025\/10\/WhatsApp-Image-2025-12-02-at-12.21.40-e1764958654713-300x178.png 300w, https:\/\/nguma-nguma.co.ao\/wp-content\/uploads\/2025\/10\/WhatsApp-Image-2025-12-02-at-12.21.40-e1764958654713-768x456.png 768w, https:\/\/nguma-nguma.co.ao\/wp-content\/uploads\/2025\/10\/WhatsApp-Image-2025-12-02-at-12.21.40-e1764958654713.png 1193w\" sizes=\"(max-width: 800px) 100vw, 800px\" \/>\t\t\t\t\t\t\t\t\t\t\t\t\t\t\t<\/div>\n\t\t\t\t\t<\/div>\n\t\t<\/div>\n\t\t\t\t<div class=\"elementor-column elementor-col-50 elementor-top-column elementor-element elementor-element-1f0a928a\" data-id=\"1f0a928a\" data-element_type=\"column\">\n\t\t\t<div class=\"elementor-widget-wrap elementor-element-populated\">\n\t\t\t\t\t\t<div class=\"elementor-element elementor-element-27ec1590 elementor-widget elementor-widget-heading\" data-id=\"27ec1590\" data-element_type=\"widget\" data-widget_type=\"heading.default\">\n\t\t\t\t\t<h2 class=\"elementor-heading-title elementor-size-default\">Nguma Nguma<\/h2>\t\t\t\t<\/div>\n\t\t\t\t<div class=\"elementor-element elementor-element-d8db88 elementor-widget elementor-widget-heading\" data-id=\"d8db88\" data-element_type=\"widget\" data-widget_type=\"heading.default\">\n\t\t\t\t\t<h2 class=\"elementor-heading-title elementor-size-default\">O Nosso Compromisso: Excel\u00eancia Dedicada ao Seu Sucesso<\/h2>\t\t\t\t<\/div>\n\t\t\t\t<div class=\"elementor-element elementor-element-7b90224b elementor-widget elementor-widget-text-editor\" data-id=\"7b90224b\" data-element_type=\"widget\" data-widget_type=\"text-editor.default\">\n\t\t\t\t\t\t\t\t\t<p><span data-path-to-node=\"3,1\"><span class=\"citation-127\">A Nguma-Nguma \u00e9 uma empresa dedicada \u00e0 oferta de solu\u00e7\u00f5es profissionais e eficientes, com um foco inabal\u00e1vel na satisfa\u00e7\u00e3o do cliente<\/span><\/span><span data-path-to-node=\"3,3\">.<\/span><\/p>\t\t\t\t\t\t\t\t<\/div>\n\t\t\t\t<div class=\"elementor-element elementor-element-9c373e0 elementor-view-stacked elementor-position-left elementor-shape-circle elementor-mobile-position-top elementor-invisible elementor-widget elementor-widget-icon-box\" data-id=\"9c373e0\" data-element_type=\"widget\" data-settings=\"{&quot;_animation&quot;:&quot;slideInLeft&quot;}\" data-widget_type=\"icon-box.default\">\n\t\t\t\t\t\t\t<div class=\"elementor-icon-box-wrapper\">\n\n\t\t\t\t\t\t<div class=\"elementor-icon-box-icon\">\n\t\t\t\t<span  class=\"elementor-icon\">\n\t\t\t\t<svg aria-hidden=\"true\" class=\"e-font-icon-svg e-fas-graduation-cap\" viewbox=\"0 0 640 512\" xmlns=\"http:\/\/www.w3.org\/2000\/svg\"><path d=\"M622.34 153.2L343.4 67.5c-15.2-4.67-31.6-4.67-46.79 0L17.66 153.2c-23.54 7.23-23.54 38.36 0 45.59l48.63 14.94c-10.67 13.19-17.23 29.28-17.88 46.9C38.78 266.15 32 276.11 32 288c0 10.78 5.68 19.85 13.86 25.65L20.33 428.53C18.11 438.52 25.71 448 35.94 448h56.11c10.24 0 17.84-9.48 15.62-19.47L82.14 313.65C90.32 307.85 96 298.78 96 288c0-11.57-6.47-21.25-15.66-26.87.76-15.02 8.44-28.3 20.69-36.72L296.6 284.5c9.06 2.78 26.44 6.25 46.79 0l278.95-85.7c23.55-7.24 23.55-38.36 0-45.6zM352.79 315.09c-28.53 8.76-52.84 3.92-65.59 0l-145.02-44.55L128 384c0 35.35 85.96 64 192 64s192-28.65 192-64l-14.18-113.47-145.03 44.56z\"><\/path><\/svg>\t\t\t\t<\/span>\n\t\t\t<\/div>\n\t\t\t\n\t\t\t\t\t\t<div class=\"elementor-icon-box-content\">\n\n\t\t\t\t\t\t\t\t\t<h3 class=\"elementor-icon-box-title\">\n\t\t\t\t\t\t<span  >\n\t\t\t\t\t\t\tQualidade e Padr\u00e3o Elevado\t\t\t\t\t\t<\/span>\n\t\t\t\t\t<\/h3>\n\t\t\t\t\n\t\t\t\t\t\t\t\t\t<p class=\"elementor-icon-box-description\">\n\t\t\t\t\t\tGarantimos resultados consistentes e de alto padr\u00e3o  em todas as \u00e1reas, desde o transporte aos servi\u00e7os hoteleiros.\t\t\t\t\t<\/p>\n\t\t\t\t\n\t\t\t<\/div>\n\t\t\t\n\t\t<\/div>\n\t\t\t\t\t\t<\/div>\n\t\t\t\t<div class=\"elementor-element elementor-element-3939805 elementor-view-stacked elementor-position-left elementor-shape-circle elementor-mobile-position-top elementor-invisible elementor-widget elementor-widget-icon-box\" data-id=\"3939805\" data-element_type=\"widget\" data-settings=\"{&quot;_animation&quot;:&quot;slideInLeft&quot;}\" data-widget_type=\"icon-box.default\">\n\t\t\t\t\t\t\t<div class=\"elementor-icon-box-wrapper\">\n\n\t\t\t\t\t\t<div class=\"elementor-icon-box-icon\">\n\t\t\t\t<span  class=\"elementor-icon\">\n\t\t\t\t<svg aria-hidden=\"true\" class=\"e-font-icon-svg e-fas-level-up-alt\" viewbox=\"0 0 320 512\" xmlns=\"http:\/\/www.w3.org\/2000\/svg\"><path d=\"M313.553 119.669L209.587 7.666c-9.485-10.214-25.676-10.229-35.174 0L70.438 119.669C56.232 134.969 67.062 160 88.025 160H152v272H68.024a11.996 11.996 0 0 0-8.485 3.515l-56 56C-4.021 499.074 1.333 512 12.024 512H208c13.255 0 24-10.745 24-24V160h63.966c20.878 0 31.851-24.969 17.587-40.331z\"><\/path><\/svg>\t\t\t\t<\/span>\n\t\t\t<\/div>\n\t\t\t\n\t\t\t\t\t\t<div class=\"elementor-icon-box-content\">\n\n\t\t\t\t\t\t\t\t\t<h3 class=\"elementor-icon-box-title\">\n\t\t\t\t\t\t<span  >\n\t\t\t\t\t\t\tSeriedade e Compet\u00eancia\t\t\t\t\t\t<\/span>\n\t\t\t\t\t<\/h3>\n\t\t\t\t\n\t\t\t\t\t\t\t\t\t<p class=\"elementor-icon-box-description\">\n\t\t\t\t\t\tDesde a nossa funda\u00e7\u00e3o, destacamo-nos pela seriedade, compet\u00eancia e inova\u00e7\u00e3o  na execu\u00e7\u00e3o dos nossos servi\u00e7os.\t\t\t\t\t<\/p>\n\t\t\t\t\n\t\t\t<\/div>\n\t\t\t\n\t\t<\/div>\n\t\t\t\t\t\t<\/div>\n\t\t\t\t<div class=\"elementor-element elementor-element-dca8cc6 elementor-view-stacked elementor-position-left elementor-shape-circle elementor-mobile-position-top elementor-invisible elementor-widget elementor-widget-icon-box\" data-id=\"dca8cc6\" data-element_type=\"widget\" data-settings=\"{&quot;_animation&quot;:&quot;slideInLeft&quot;}\" data-widget_type=\"icon-box.default\">\n\t\t\t\t\t\t\t<div class=\"elementor-icon-box-wrapper\">\n\n\t\t\t\t\t\t<div class=\"elementor-icon-box-icon\">\n\t\t\t\t<span  class=\"elementor-icon\">\n\t\t\t\t<svg aria-hidden=\"true\" class=\"e-font-icon-svg e-fas-lightbulb\" viewbox=\"0 0 352 512\" xmlns=\"http:\/\/www.w3.org\/2000\/svg\"><path d=\"M96.06 454.35c.01 6.29 1.87 12.45 5.36 17.69l17.09 25.69a31.99 31.99 0 0 0 26.64 14.28h61.71a31.99 31.99 0 0 0 26.64-14.28l17.09-25.69a31.989 31.989 0 0 0 5.36-17.69l.04-38.35H96.01l.05 38.35zM0 176c0 44.37 16.45 84.85 43.56 115.78 16.52 18.85 42.36 58.23 52.21 91.45.04.26.07.52.11.78h160.24c.04-.26.07-.51.11-.78 9.85-33.22 35.69-72.6 52.21-91.45C335.55 260.85 352 220.37 352 176 352 78.61 272.91-.3 175.45 0 73.44.31 0 82.97 0 176zm176-80c-44.11 0-80 35.89-80 80 0 8.84-7.16 16-16 16s-16-7.16-16-16c0-61.76 50.24-112 112-112 8.84 0 16 7.16 16 16s-7.16 16-16 16z\"><\/path><\/svg>\t\t\t\t<\/span>\n\t\t\t<\/div>\n\t\t\t\n\t\t\t\t\t\t<div class=\"elementor-icon-box-content\">\n\n\t\t\t\t\t\t\t\t\t<h3 class=\"elementor-icon-box-title\">\n\t\t\t\t\t\t<span  >\n\t\t\t\t\t\t\tEquipa Qualificada\t\t\t\t\t\t<\/span>\n\t\t\t\t\t<\/h3>\n\t\t\t\t\n\t\t\t\t\t\t\t\t\t<p class=\"elementor-icon-box-description\">\n\t\t\t\t\t\tContamos com uma equipa qualificada e experiente, preparada para atender a todas as necessidades espec\u00edficas.\t\t\t\t\t<\/p>\n\t\t\t\t\n\t\t\t<\/div>\n\t\t\t\n\t\t<\/div>\n\t\t\t\t\t\t<\/div>\n\t\t\t\t\t<\/div>\n\t\t<\/div>\n\t\t\t\t\t<\/div>\n\t\t<\/section>\n\t\t\t\t<section class=\"elementor-section elementor-top-section elementor-element elementor-element-47b9b5c elementor-section-boxed elementor-section-height-default elementor-section-height-default wpr-particle-no wpr-jarallax-no wpr-parallax-no wpr-sticky-section-no\" data-id=\"47b9b5c\" data-element_type=\"section\" data-settings=\"{&quot;background_background&quot;:&quot;classic&quot;}\">\n\t\t\t\t\t\t<div class=\"elementor-container elementor-column-gap-default\">\n\t\t\t\t\t<div class=\"elementor-column elementor-col-50 elementor-top-column elementor-element elementor-element-1e9172bd elementor-invisible\" data-id=\"1e9172bd\" data-element_type=\"column\" data-settings=\"{&quot;animation&quot;:&quot;fadeIn&quot;}\">\n\t\t\t<div class=\"elementor-widget-wrap elementor-element-populated\">\n\t\t\t\t\t\t<div class=\"elementor-element elementor-element-39c852a3 elementor-widget elementor-widget-heading\" data-id=\"39c852a3\" data-element_type=\"widget\" data-widget_type=\"heading.default\">\n\t\t\t\t\t<h2 class=\"elementor-heading-title elementor-size-default\">Depoimentos<\/h2>\t\t\t\t<\/div>\n\t\t\t\t<div class=\"elementor-element elementor-element-4f48af08 elementor-widget elementor-widget-heading\" data-id=\"4f48af08\" data-element_type=\"widget\" data-widget_type=\"heading.default\">\n\t\t\t\t\t<h2 class=\"elementor-heading-title elementor-size-default\">O que os nossos clientes dizem sobre n\u00f3s<\/h2>\t\t\t\t<\/div>\n\t\t\t\t\t<\/div>\n\t\t<\/div>\n\t\t\t\t<div class=\"elementor-column elementor-col-50 elementor-top-column elementor-element elementor-element-13e49aa elementor-invisible\" data-id=\"13e49aa\" data-element_type=\"column\" data-settings=\"{&quot;animation&quot;:&quot;fadeIn&quot;,&quot;animation_delay&quot;:100}\">\n\t\t\t<div class=\"elementor-widget-wrap elementor-element-populated\">\n\t\t\t\t\t\t<div class=\"elementor-element elementor-element-760b784d wpr-testimonial-slider-columns-1 wpr-testimonial-slider-columns--tablet1 wpr-testimonial-meta-align-left wpr-testimonial-image-position-left wpr-testimonial-slider-columns--mobile1 wpr-testimonial-rating-style_2 wpr-testimonial-meta-position-bottom elementor-widget elementor-widget-wpr-testimonial\" data-id=\"760b784d\" data-element_type=\"widget\" data-settings=\"{&quot;testimonial_amount&quot;:&quot;1&quot;,&quot;testimonial_amount_tablet&quot;:&quot;1&quot;,&quot;testimonial_amount_mobile&quot;:1,&quot;testimonial_slides_to_scroll&quot;:2,&quot;testimonial_loop&quot;:&quot;yes&quot;}\" data-widget_type=\"wpr-testimonial.default\">\n\t\t\t\t\t\t\t<div class=\"wpr-testimonial-carousel-wrap\">\n\t\t\t\n\t\t\t<div class=\"wpr-testimonial-carousel\" dir=\"ltr\" data-slick=\"{&quot;rtl&quot;:false,&quot;infinite&quot;:true,&quot;speed&quot;:700,&quot;arrows&quot;:true,&quot;dots&quot;:true,&quot;autoplay&quot;:false,&quot;autoplaySpeed&quot;:0,&quot;pauseOnHover&quot;:&quot;&quot;,&quot;prevArrow&quot;:&quot;#wpr-testimonial-prev-760b784d&quot;,&quot;nextArrow&quot;:&quot;#wpr-testimonial-next-760b784d&quot;,&quot;sliderSlidesToScroll&quot;:2}\" data-slide-effect=\"slide\">\n\t\t\t\t\t\n\t\t\t\t\t\n\t\t\t\t\t\t\t\t\t\t\t\n\t\t\t\t\t\t<div class=\"wpr-testimonial-item elementor-repeater-item-84e39c4 elementor-clearfix\">\n\t\t\t\t\t\t\t\n\t\t\t\t\t\t\t<div class=\"wpr-testimonial-meta elementor-clearfix\">\n\t\t\t\t\t\t\t\t<div class=\"wpr-testimonial-meta-inner\">\n\t\t\t\t\t\t\t\t\n\t\t\n\t\t\t\n\t\t<div class=\"wpr-testimonial-meta-content-wrap\">\n\t\t\t\t\t\t\t<div class=\"wpr-testimonial-name\">\u2014 Carlos Silva <\/div>\n\t\t\t\n\t\t\t\t\t\t\t<div class=\"wpr-testimonial-job\">Gerente de Log\u00edstica, Ind\u00fastria Alpha<\/div>\n\t\t\t\n\t\t\t\n\t\t<\/div>\n\t\t\t\t\t\t\t\t\t\t<\/div>\n\t\t\t\t\t\t\t<\/div>\n\n\t\t\t\t\t\t\t\n\t\t<div class=\"wpr-testimonial-content-wrap\">\n\t\t\t<div class=\"wpr-testimonial-content-inner\">\n\t\t\t\n\t\t\t\n\t\t\t\t\t\t\t\t\n\n\t\t\t<div class=\"wpr-testimonial-rating\">\n\t\t\t\n\n                                    \n                                                    <i class=\"wpr-rating-icon-full\">&#9734;<\/i>\n                        \n                                    \n\n\t     \t\n\n                                    \n                                                    <i class=\"wpr-rating-icon-full\">&#9734;<\/i>\n                        \n                                    \n\n\t     \t\n\n                                    \n                                                    <i class=\"wpr-rating-icon-full\">&#9734;<\/i>\n                        \n                                    \n\n\t     \t\n\n                                    \n                                                    <i class=\"wpr-rating-icon-full\">&#9734;<\/i>\n                        \n                                    \n\n\t     \t\n\n                                    \n                                                    <i class=\"wpr-rating-icon-5\">&#9734;<\/i>\n                        \n                                    \n\n\t     \t\n\t     \t\t\t\t<\/div>\n\n\t\t\t\t\n\t\t\t\t\t\t\t<div class=\"wpr-testimonial-content\">\n\t\t\t\t\t\n\t\t\t\t\t<p><p><span class=\"citation-158\">Desde que estabelecemos parceria com a Nguma-Nguma para o aluguer da nossa frota e transporte de mercadorias, a nossa log\u00edstica interna melhorou drasticamente. O compromisso com a <\/span><b><span class=\"citation-158\">pontualidade<\/span><\/b><span class=\"citation-158\"> e a <\/span><b><span class=\"citation-158\">seriedade<\/span><\/b><span class=\"citation-158\"> da equipa s\u00e3o not\u00e1veis. Garantem resultados consistentes e de alto padr\u00e3o, o que \u00e9 crucial para as nossas opera\u00e7\u00f5es.<\/span><\/p><\/p>\n\t\t\t\t<\/div>\n\t\t\t\n\t\t\t\n\t\t\t\t\t\t<\/div>\n\t\t<\/div>\n\n\t    \n\t\t\t\t\t\t\t\n\t\t\t\t\t\t<\/div>\n\t\t\t\t\t\t\n\t\t\t\t\t\t\t\t\t\t\t\n\t\t\t\t\t\t<div class=\"wpr-testimonial-item elementor-repeater-item-25eb339 elementor-clearfix\">\n\t\t\t\t\t\t\t\n\t\t\t\t\t\t\t<div class=\"wpr-testimonial-meta elementor-clearfix\">\n\t\t\t\t\t\t\t\t<div class=\"wpr-testimonial-meta-inner\">\n\t\t\t\t\t\t\t\t\n\t\t\n\t\t\t\n\t\t<div class=\"wpr-testimonial-meta-content-wrap\">\n\t\t\t\t\t\t\t<div class=\"wpr-testimonial-name\">\u2014 Maria Fernandes<\/div>\n\t\t\t\n\t\t\t\t\t\t\t<div class=\"wpr-testimonial-job\">Diretora de Opera\u00e7\u00f5es, Rede Hoteleira Premium<\/div>\n\t\t\t\n\t\t\t\n\t\t<\/div>\n\t\t\t\t\t\t\t\t\t\t<\/div>\n\t\t\t\t\t\t\t<\/div>\n\n\t\t\t\t\t\t\t\n\t\t<div class=\"wpr-testimonial-content-wrap\">\n\t\t\t<div class=\"wpr-testimonial-content-inner\">\n\t\t\t\n\t\t\t\n\t\t\t\t\t\t\t\t\n\n\t\t\t<div class=\"wpr-testimonial-rating\">\n\t\t\t\n\n                                    \n                                                    <i class=\"wpr-rating-icon-full\">&#9734;<\/i>\n                        \n                                    \n\n\t     \t\n\n                                    \n                                                    <i class=\"wpr-rating-icon-full\">&#9734;<\/i>\n                        \n                                    \n\n\t     \t\n\n                                    \n                                                    <i class=\"wpr-rating-icon-full\">&#9734;<\/i>\n                        \n                                    \n\n\t     \t\n\n                                    \n                                                    <i class=\"wpr-rating-icon-full\">&#9734;<\/i>\n                        \n                                    \n\n\t     \t\n\n                                    \n                                                    <i class=\"wpr-rating-icon-full\">&#9734;<\/i>\n                        \n                                    \n\n\t     \t\n\t     \t\t\t\t<\/div>\n\n\t\t\t\t\n\t\t\t\t\t\t\t<div class=\"wpr-testimonial-content\">\n\t\t\t\t\t\n\t\t\t\t\t<p><p><span class=\"citation-157\">A compet\u00eancia demonstrada pela Nguma-Nguma na gest\u00e3o e assist\u00eancia aos nossos servi\u00e7os hoteleiros foi uma surpresa muito positiva. A equipa \u00e9 <\/span><b><span class=\"citation-157\">qualificada e experiente<\/span><\/b><span class=\"citation-157\">, e os servi\u00e7os s\u00e3o executados com uma inova\u00e7\u00e3o que se destaca no mercado. Recomendo vivamente a sua abordagem profissional.<\/span><\/p><\/p>\n\t\t\t\t<\/div>\n\t\t\t\n\t\t\t\n\t\t\t\t\t\t<\/div>\n\t\t<\/div>\n\n\t    \n\t\t\t\t\t\t\t\n\t\t\t\t\t\t<\/div>\n\t\t\t\t\t\t\n\t\t\t\t\t\t\t\t\t\t\t\n\t\t\t\t\t\t<div class=\"wpr-testimonial-item elementor-repeater-item-ec6d209 elementor-clearfix\">\n\t\t\t\t\t\t\t\n\t\t\t\t\t\t\t<div class=\"wpr-testimonial-meta elementor-clearfix\">\n\t\t\t\t\t\t\t\t<div class=\"wpr-testimonial-meta-inner\">\n\t\t\t\t\t\t\t\t\n\t\t\t\t\t<div class=\"wpr-testimonial-image\">\n\t\t\t\t<img decoding=\"async\" src=\"https:\/\/nguma-nguma.co.ao\/wp-content\/uploads\/2025\/12\/Team-1.jpg\" alt=\"\u2014 Jo\u00e3o Pereira\">\n\t\t\t<\/div>\n\t\t\n\t\t\t\n\t\t<div class=\"wpr-testimonial-meta-content-wrap\">\n\t\t\t\t\t\t\t<div class=\"wpr-testimonial-name\">\u2014 Jo\u00e3o Pereira<\/div>\n\t\t\t\n\t\t\t\t\t\t\t<div class=\"wpr-testimonial-job\">CEO, Com\u00e9rcio Global Lda.<\/div>\n\t\t\t\n\t\t\t\n\t\t<\/div>\n\t\t\t\t\t\t\t\t\t\t<\/div>\n\t\t\t\t\t\t\t<\/div>\n\n\t\t\t\t\t\t\t\n\t\t<div class=\"wpr-testimonial-content-wrap\">\n\t\t\t<div class=\"wpr-testimonial-content-inner\">\n\t\t\t\n\t\t\t\n\t\t\t\t\t\t\t\t\n\n\t\t\t<div class=\"wpr-testimonial-rating\">\n\t\t\t\n\n                                    \n                                                    <i class=\"wpr-rating-icon-full\">&#9734;<\/i>\n                        \n                                    \n\n\t     \t\n\n                                    \n                                                    <i class=\"wpr-rating-icon-full\">&#9734;<\/i>\n                        \n                                    \n\n\t     \t\n\n                                    \n                                                    <i class=\"wpr-rating-icon-full\">&#9734;<\/i>\n                        \n                                    \n\n\t     \t\n\n                                    \n                                                    <i class=\"wpr-rating-icon-full\">&#9734;<\/i>\n                        \n                                    \n\n\t     \t\n\n                                    \n                                                    <i class=\"wpr-rating-icon-empty\">&#9734;<\/i>\n                        \n                                    \n\n\t     \t\n\t     \t\t\t\t<\/div>\n\n\t\t\t\t\n\t\t\t\t\t\t\t<div class=\"wpr-testimonial-content\">\n\t\t\t\t\t\n\t\t\t\t\t<p><p><span class=\"citation-156\">O nosso objetivo era encontrar um parceiro s\u00f3lido, e a Nguma-Nguma preencheu todos os requisitos. Eles oferecem solu\u00e7\u00f5es personalizadas que agregam valor ao nosso neg\u00f3cio de com\u00e9rcio geral. Sentimos que a nossa rela\u00e7\u00e3o \u00e9 baseada na <\/span><b><span class=\"citation-156\">confian\u00e7a e transpar\u00eancia<\/span><\/b><span class=\"citation-156\">, e o seu foco na melhoria cont\u00ednua \u00e9 um diferencial.<\/span><\/p><\/p>\n\t\t\t\t<\/div>\n\t\t\t\n\t\t\t\n\t\t\t\t\t\t<\/div>\n\t\t<\/div>\n\n\t    \n\t\t\t\t\t\t\t\n\t\t\t\t\t\t<\/div>\n\t\t\t\t\t\t\t\t\t<\/div>\n\n\t\t\t<div class=\"wpr-testimonial-controls\">\n\t\t\t\t<div class=\"wpr-testimonial-dots\"><\/div>\n\t\t\t<\/div>\n\n\t\t\t<div class=\"wpr-testimonial-arrow-container\">\n\t\t\t\t<div class=\"wpr-testimonial-prev-arrow wpr-testimonial-arrow\" id=\"wpr-testimonial-prev-760b784d\">\n\t\t\t\t\t<svg version=\"1.1\" xmlns=\"http:\/\/www.w3.org\/2000\/svg\" xmlns:xlink=\"http:\/\/www.w3.org\/1999\/xlink\" x=\"0px\" y=\"0px\" viewbox=\"0 0 283.4 512\" style=\"enable-background:new 0 0 283.4 512;\" xml:space=\"preserve\"><g><polygon class=\"st0\" points=\"54.5,256.3 283.4,485.1 256.1,512.5 0,256.3 0,256.3 27.2,229 256.1,0 283.4,27.4 \"\/><\/g><\/svg>\t\t\t\t<\/div>\n\t\t\t\t<div class=\"wpr-testimonial-next-arrow wpr-testimonial-arrow\" id=\"wpr-testimonial-next-760b784d\">\n\t\t\t\t\t<svg version=\"1.1\" xmlns=\"http:\/\/www.w3.org\/2000\/svg\" xmlns:xlink=\"http:\/\/www.w3.org\/1999\/xlink\" x=\"0px\" y=\"0px\" viewbox=\"0 0 283.4 512\" style=\"enable-background:new 0 0 283.4 512;\" xml:space=\"preserve\"><g><polygon class=\"st0\" points=\"54.5,256.3 283.4,485.1 256.1,512.5 0,256.3 0,256.3 27.2,229 256.1,0 283.4,27.4 \"\/><\/g><\/svg>\t\t\t\t<\/div>\n\t\t\t<\/div>\n\t\t<\/div>\n\n\t\t\t\t\t<\/div>\n\t\t\t\t\t<\/div>\n\t\t<\/div>\n\t\t\t\t\t<\/div>\n\t\t<\/section>\n\t\t\t\t<\/div>","protected":false},"excerpt":{"rendered":"<p>Sobre n\u00f3s Nguma Nguma O Nosso Compromisso: Excel\u00eancia Dedicada ao Seu Sucesso A Nguma-Nguma \u00e9 uma empresa dedicada \u00e0 oferta de solu\u00e7\u00f5es profissionais e eficientes, com um foco inabal\u00e1vel na satisfa\u00e7\u00e3o do cliente. Qualidade e Padr\u00e3o Elevado Garantimos resultados consistentes e de alto padr\u00e3o em todas as \u00e1reas, desde o transporte aos servi\u00e7os hoteleiros. Seriedade e Compet\u00eancia Desde a nossa funda\u00e7\u00e3o, destacamo-nos pela seriedade, compet\u00eancia e inova\u00e7\u00e3o na execu\u00e7\u00e3o dos nossos servi\u00e7os. Equipa Qualificada Contamos com uma equipa qualificada e experiente, preparada para atender a todas as necessidades espec\u00edficas. Depoimentos O que os nossos clientes dizem sobre n\u00f3s \u2014 Carlos Silva Gerente de Log\u00edstica, Ind\u00fastria Alpha &#9734; &#9734; &#9734; &#9734; &#9734; Desde que estabelecemos parceria com a Nguma-Nguma para o aluguer da nossa frota e transporte de mercadorias, a nossa log\u00edstica interna melhorou drasticamente. O compromisso com a pontualidade e a seriedade da equipa s\u00e3o not\u00e1veis. Garantem resultados consistentes e de alto padr\u00e3o, o que \u00e9 crucial para as nossas opera\u00e7\u00f5es. \u2014 Maria Fernandes Diretora de Opera\u00e7\u00f5es, Rede Hoteleira Premium &#9734; &#9734; &#9734; &#9734; &#9734; A compet\u00eancia demonstrada pela Nguma-Nguma na gest\u00e3o e assist\u00eancia aos nossos servi\u00e7os hoteleiros foi uma surpresa muito positiva. A equipa \u00e9 qualificada e experiente, e os servi\u00e7os s\u00e3o executados com uma inova\u00e7\u00e3o que se destaca no mercado. Recomendo vivamente a sua abordagem profissional. \u2014 Jo\u00e3o Pereira CEO, Com\u00e9rcio Global Lda. &#9734; &#9734; &#9734; &#9734; &#9734; O nosso objetivo era encontrar um parceiro s\u00f3lido, e a Nguma-Nguma preencheu todos os requisitos. Eles oferecem solu\u00e7\u00f5es personalizadas que agregam valor ao nosso neg\u00f3cio de com\u00e9rcio geral. Sentimos que a nossa rela\u00e7\u00e3o \u00e9 baseada na confian\u00e7a e transpar\u00eancia, e o seu foco na melhoria cont\u00ednua \u00e9 um diferencial.<\/p>","protected":false},"author":1,"featured_media":0,"parent":0,"menu_order":0,"comment_status":"closed","ping_status":"closed","template":"elementor_header_footer","meta":{"pagelayer_contact_templates":[],"_pagelayer_content":"","footnotes":""},"class_list":["post-25","page","type-page","status-publish","hentry"],"_links":{"self":[{"href":"https:\/\/nguma-nguma.co.ao\/en\/wp-json\/wp\/v2\/pages\/25","targetHints":{"allow":["GET"]}}],"collection":[{"href":"https:\/\/nguma-nguma.co.ao\/en\/wp-json\/wp\/v2\/pages"}],"about":[{"href":"https:\/\/nguma-nguma.co.ao\/en\/wp-json\/wp\/v2\/types\/page"}],"author":[{"embeddable":true,"href":"https:\/\/nguma-nguma.co.ao\/en\/wp-json\/wp\/v2\/users\/1"}],"replies":[{"embeddable":true,"href":"https:\/\/nguma-nguma.co.ao\/en\/wp-json\/wp\/v2\/comments?post=25"}],"version-history":[{"count":208,"href":"https:\/\/nguma-nguma.co.ao\/en\/wp-json\/wp\/v2\/pages\/25\/revisions"}],"predecessor-version":[{"id":1594,"href":"https:\/\/nguma-nguma.co.ao\/en\/wp-json\/wp\/v2\/pages\/25\/revisions\/1594"}],"wp:attachment":[{"href":"https:\/\/nguma-nguma.co.ao\/en\/wp-json\/wp\/v2\/media?parent=25"}],"curies":[{"name":"wp","href":"https:\/\/api.w.org\/{rel}","templated":true}]}}